{"id":7,"date":"2014-08-26T11:54:10","date_gmt":"2014-08-26T11:54:10","guid":{"rendered":"http:\/\/kunst.schwarzenbach-saale.de\/wordpress\/?page_id=7"},"modified":"2026-04-01T13:02:00","modified_gmt":"2026-04-01T11:02:00","slug":"aktuelle-austellung","status":"publish","type":"page","link":"https:\/\/kunstgalerie.schwarzenbach-saale.de\/wordpress\/","title":{"rendered":"Aktuelle Ausstellung"},"content":{"rendered":"<h2>Welt im Kasten | \u00dcbermalte Collagen<\/h2>\n<h3>David Kampfmeier | Schwarzenbach a.d.S.<\/h3>\n<h4><span style=\"color: #ff0000;\">Bitte beachten: <\/span><\/h4>\n<h4><span style=\"color: #ff0000;\">Am Karfreitag, dem 3. April und am 1. Mai bleibt die Galerie GESCHLOSSEN!<\/span><\/h4>\n<p><a href=\"https:\/\/kunstgalerie.schwarzenbach-saale.de\/wordpress\/wp-content\/uploads\/2025\/12\/david_k.jpg\"><img loading=\"lazy\" decoding=\"async\" class=\"alignnone size-full wp-image-1185\" src=\"https:\/\/kunstgalerie.schwarzenbach-saale.de\/wordpress\/wp-content\/uploads\/2025\/12\/david_k.jpg\" alt=\"\" width=\"567\" height=\"688\" srcset=\"https:\/\/kunstgalerie.schwarzenbach-saale.de\/wordpress\/wp-content\/uploads\/2025\/12\/david_k.jpg 567w, https:\/\/kunstgalerie.schwarzenbach-saale.de\/wordpress\/wp-content\/uploads\/2025\/12\/david_k-247x300.jpg 247w\" sizes=\"auto, (max-width: 567px) 100vw, 567px\" \/><\/a><\/p>\n<h6>Such dich, \u00dcbermalte Collage<\/h6>\n<h4>Vernissage: 13. M\u00e4rz 2026, 18 Uhr<\/h4>\n<p>Zur Vernissage begr\u00fc\u00dft der B\u00fcrgermeister der Stadt Schwarzenbach an der Saale. Eine Einf\u00fchrung in die Ausstellung gibt Fanny Bartsch-Puchta. Pavlo Norets setzt mit dem Saxophon musikalische Aktzente.<\/p>\n<h6><em>\u201eSchubk\u00e4sten, Schubladen. Orte des Sammelns und Verwahrens, Verschwindenlassens <\/em><em>chaotisch <\/em><em>oder wohlsortiert, ihres Zweckes enthoben, \u00fcbriggeblieben, weggeworfen werden zur B\u00fchne. <\/em><em>Zur B\u00fchne der Erz\u00e4hlungen des K\u00fcnstlers David Kampfmeier. Das B\u00fchnenbild \u2013 zusammengef\u00fcgt <\/em><em>aus Collagen vielf\u00e4ltigster Funde, gesammelt auf der Stra\u00dfe, in Katalogen und Zeitschriften l\u00e4ngst <\/em><em>verflogener Tr\u00e4ume. Die Akteure: Figuren, mit schnellem Pinselstrich und farbintensiv in Szene gesetzt.\u201c<\/em><br \/>\n<em>Swanti Br\u00e4secke-Bartsch, Galerieleiterin<\/em><\/h6>\n<h4>Ausstellungsdauer: 15. M\u00e4rz \u2013 3. Mai 2026<\/h4>\n<p>&nbsp;<\/p>\n<p>&nbsp;<\/p>\n","protected":false},"excerpt":{"rendered":"<p>Welt im Kasten | \u00dcbermalte Collagen David Kampfmeier | Schwarzenbach a.d.S. Bitte beachten: Am Karfreitag, dem 3. April und am 1. Mai bleibt die Galerie GESCHLOSSEN! Such dich, \u00dcbermalte Collage Vernissage: 13. M\u00e4rz 2026, 18 Uhr Zur Vernissage begr\u00fc\u00dft der B\u00fcrgermeister der Stadt Schwarzenbach an der Saale. Eine Einf\u00fchrung in die Ausstellung gibt Fanny Bartsch-Puchta. [&hellip;]<\/p>\n","protected":false},"author":2,"featured_media":0,"parent":35,"menu_order":0,"comment_status":"closed","ping_status":"closed","template":"","meta":{"footnotes":""},"class_list":["post-7","page","type-page","status-publish","hentry"],"_links":{"self":[{"href":"https:\/\/kunstgalerie.schwarzenbach-saale.de\/wordpress\/wp-json\/wp\/v2\/pages\/7","targetHints":{"allow":["GET"]}}],"collection":[{"href":"https:\/\/kunstgalerie.schwarzenbach-saale.de\/wordpress\/wp-json\/wp\/v2\/pages"}],"about":[{"href":"https:\/\/kunstgalerie.schwarzenbach-saale.de\/wordpress\/wp-json\/wp\/v2\/types\/page"}],"author":[{"embeddable":true,"href":"https:\/\/kunstgalerie.schwarzenbach-saale.de\/wordpress\/wp-json\/wp\/v2\/users\/2"}],"replies":[{"embeddable":true,"href":"https:\/\/kunstgalerie.schwarzenbach-saale.de\/wordpress\/wp-json\/wp\/v2\/comments?post=7"}],"version-history":[{"count":195,"href":"https:\/\/kunstgalerie.schwarzenbach-saale.de\/wordpress\/wp-json\/wp\/v2\/pages\/7\/revisions"}],"predecessor-version":[{"id":1222,"href":"https:\/\/kunstgalerie.schwarzenbach-saale.de\/wordpress\/wp-json\/wp\/v2\/pages\/7\/revisions\/1222"}],"up":[{"embeddable":true,"href":"https:\/\/kunstgalerie.schwarzenbach-saale.de\/wordpress\/wp-json\/wp\/v2\/pages\/35"}],"wp:attachment":[{"href":"https:\/\/kunstgalerie.schwarzenbach-saale.de\/wordpress\/wp-json\/wp\/v2\/media?parent=7"}],"curies":[{"name":"wp","href":"https:\/\/api.w.org\/{rel}","templated":true}]}}