{"id":35,"date":"2015-03-03T11:10:13","date_gmt":"2015-03-03T11:10:13","guid":{"rendered":"http:\/\/kunst.schwarzenbach-saale.de\/wordpress\/?page_id=35"},"modified":"2023-04-03T08:28:26","modified_gmt":"2023-04-03T06:28:26","slug":"archiv","status":"publish","type":"page","link":"https:\/\/kunstgalerie.schwarzenbach-saale.de\/wordpress\/archiv\/","title":{"rendered":"Archiv"},"content":{"rendered":"<ul  class=\"eo-events eo-events-shortcode\"><li class=\"eo-event-past eo-multi-day\"><a href=\"https:\/\/kunstgalerie.schwarzenbach-saale.de\/wordpress\/events\/event\/dunkelheit-ist-ungeborenes-licht-zeichnungen\/\">Dunkelheit ist ungeborenes Licht<\/a><\/li><li class=\"eo-event-past eo-multi-day\"><a href=\"https:\/\/kunstgalerie.schwarzenbach-saale.de\/wordpress\/events\/event\/planeten-malerei-grafik-fotografie\/\">PLANETEN | Malerei, Grafik, Fotografie<\/a><\/li><li class=\"eo-event-past eo-multi-day\"><a href=\"https:\/\/kunstgalerie.schwarzenbach-saale.de\/wordpress\/events\/event\/heraus-in-die-stille-malerei-2\/\">HERAUS IN DIE STILLE | Malerei<\/a><\/li><li class=\"eo-event-past\"><a href=\"https:\/\/kunstgalerie.schwarzenbach-saale.de\/wordpress\/events\/event\/im-spiel-sein-mixed-media-art\/\">IM SPIEL SEIN | Mixed Media Art<\/a><\/li><li class=\"eo-event-past\"><a href=\"https:\/\/kunstgalerie.schwarzenbach-saale.de\/wordpress\/events\/event\/disposition-malerei\/\">DIS:POSITION | Malerei<\/a><\/li><li class=\"eo-event-past\"><a href=\"https:\/\/kunstgalerie.schwarzenbach-saale.de\/wordpress\/events\/event\/flesh-for-fantasy-druckgrafik\/\">FLESH FOR FANTASY | Druckgrafik<\/a><\/li><li class=\"eo-event-past\"><a href=\"https:\/\/kunstgalerie.schwarzenbach-saale.de\/wordpress\/events\/event\/1142\/\">Der Tiermaler Friedrich Reimann (1896\u20131991)<\/a><\/li><li class=\"eo-event-past\"><a href=\"https:\/\/kunstgalerie.schwarzenbach-saale.de\/wordpress\/events\/event\/erde-feuer\/\">ERDE &#038; FEUER<\/a><\/li><li class=\"eo-event-past eo-multi-day\"><a href=\"https:\/\/kunstgalerie.schwarzenbach-saale.de\/wordpress\/events\/event\/es-zeigt-sich\/\">Es zeigt sich<\/a><\/li><li class=\"eo-event-past eo-multi-day\"><a href=\"https:\/\/kunstgalerie.schwarzenbach-saale.de\/wordpress\/events\/event\/im-untergrund-verwoben-malerei-zeichnungen\/\">Im Untergrund verwoben | Malerei\/Zeichnungen<\/a><\/li><li class=\"eo-event-past eo-multi-day\"><a href=\"https:\/\/kunstgalerie.schwarzenbach-saale.de\/wordpress\/events\/event\/second-life-mixmedia\/\">SECOND LIFE | Mixmedia<\/a><\/li><li class=\"eo-event-past eo-multi-day\"><a href=\"https:\/\/kunstgalerie.schwarzenbach-saale.de\/wordpress\/events\/event\/1067\/\">FRAUENBILDER | Fotografie  Amaya Vider-Schubert | Schwarzenbach an der Saale<\/a><\/li><li class=\"eo-event-past eo-multi-day\"><a href=\"https:\/\/kunstgalerie.schwarzenbach-saale.de\/wordpress\/events\/event\/1054\/\">WACHSEN | Zeichnung und Assemblage | Katja Wunderling | N\u00fcrnberg<\/a><\/li><li class=\"eo-event-past eo-multi-day\"><a href=\"https:\/\/kunstgalerie.schwarzenbach-saale.de\/wordpress\/events\/event\/1035\/\">Luft und Wasser  Gemeinschaftsausstellung des Arbeitskreises Bildende Kunst  des Kulturvereins Schwarzenbach a. d. Saale e.V.<\/a><\/li><li class=\"eo-event-past\"><a href=\"https:\/\/kunstgalerie.schwarzenbach-saale.de\/wordpress\/events\/event\/follow-your-line-zeichnung-und-malerei-von-monika-pellkofer-eckersdorf-oberwaiz\/\">FOLLOW YOUR LINE | Zeichnung und Malerei von Monika Pellkofer | Eckersdorf &#8211; Oberwaiz<\/a><\/li><li class=\"eo-event-past\"><a href=\"https:\/\/kunstgalerie.schwarzenbach-saale.de\/wordpress\/events\/event\/989\/\">Drawing a distinction | Arbeiten von Karina Bugayova, Berlin | Oleksiy Koval, M\u00fcnchen | Veronika Wenger, M\u00fcnchen<\/a><\/li><li class=\"eo-event-past eo-multi-day eo-all-day\"><a href=\"https:\/\/kunstgalerie.schwarzenbach-saale.de\/wordpress\/events\/event\/synergien-malerei-von-ulrike-donie-linz-am-rhein\/\">SYNERGIEN | Malerei von Ulrike Doni\u00e9, Linz am Rhein<\/a><\/li><li class=\"eo-event-past eo-multi-day\"><a href=\"https:\/\/kunstgalerie.schwarzenbach-saale.de\/wordpress\/events\/event\/zufaellige-begegnung-keramiken-von-ina-otto-braunschweig-fotografien-von-swanti-braesecke-bartsch-schwarzenbach-an-der-saale\/\">Zuf\u00e4llige Begegnung | Keramiken von Ina Otto | Braunschweig &#038; Fotografien von Swanti Br\u00e4secke-Bartsch | Schwarzenbach an der Saale<\/a><\/li><li class=\"eo-event-venue-galerie-alters-rathaus eo-event-past eo-multi-day\"><a href=\"https:\/\/kunstgalerie.schwarzenbach-saale.de\/wordpress\/events\/event\/918\/\">ARCHE BOAH | Illustrationen und freie Grafik von Nadine Scherer | Berlin<\/a><\/li><li class=\"eo-event-past eo-multi-day\"><a href=\"https:\/\/kunstgalerie.schwarzenbach-saale.de\/wordpress\/events\/event\/figuerliches-gemeinschaftsausstellung-des-arbeitskreises-bildende-kunst-des-kulturvereins-schwarzenbach-a-d-saale-e-v\/\">Fig\u00fcrliches | Gemeinschaftsausstellung des Arbeitskreises Bildende Kunst des Kulturvereins Schwarzenbach a. d. Saale e. V.<\/a><\/li><li class=\"eo-event-past\"><a href=\"https:\/\/kunstgalerie.schwarzenbach-saale.de\/wordpress\/events\/event\/how-to-talk-installationen-und-objekte-aus-porzellan-von-christiane-toewe-bamberg-2\/\">how to talk | Installationen und Objekte aus Porzellan von Christiane Toewe, Bamberg<\/a><\/li><li class=\"eo-event-past eo-multi-day eo-all-day\"><a href=\"https:\/\/kunstgalerie.schwarzenbach-saale.de\/wordpress\/events\/event\/888\/\">still leben | Malerei Marion Lucka | Thierstein<\/a><\/li><li class=\"eo-event-past\"><a href=\"https:\/\/kunstgalerie.schwarzenbach-saale.de\/wordpress\/events\/event\/innen-aussen-malerei-von-roger-libesch-erlangen\/\">innen | au\u00dfen | Malerei von Roger Libesch, Erlangen<\/a><\/li><li class=\"eo-event-past\"><a href=\"https:\/\/kunstgalerie.schwarzenbach-saale.de\/wordpress\/events\/event\/mutprobe-mit-bleistift-illustrationen-von-tine-schulz-rostock\/\">Mutprobe mit Bleistift | Illustrationen von Tine Schulz, Rostock<\/a><\/li><li class=\"eo-event-past\"><a href=\"https:\/\/kunstgalerie.schwarzenbach-saale.de\/wordpress\/events\/event\/tuer-und-tor-gemeinschaftsausstellung-der-mitglieder-des-arbeitskreises-bildende-kunst-des-kulturvereins-schwarzenbach-a-d-saale\/\">T\u00fcr und Tor | Gemeinschaftsausstellung der Mitglieder des Arbeitskreises Bildende Kunst des Kulturvereins Schwarzenbach a. d. Saale<\/a><\/li><li class=\"eo-event-past\"><a href=\"https:\/\/kunstgalerie.schwarzenbach-saale.de\/wordpress\/events\/event\/schriftliches-kalligrafien-von-andrea-wunderlich-goldkronach\/\">Schriftliches | Kalligrafien von Andrea Wunderlich | Goldkronach<\/a><\/li><li class=\"eo-event-past\"><a href=\"https:\/\/kunstgalerie.schwarzenbach-saale.de\/wordpress\/events\/event\/waldgang-druckgrafiken-von-christiane-werner-leipzig\/\">Waldgang | Druckgrafiken von Christiane Werner | Leipzig<\/a><\/li><li class=\"eo-event-past\"><a href=\"https:\/\/kunstgalerie.schwarzenbach-saale.de\/wordpress\/events\/event\/menschen-und-landschaften-bruno-mooser-1925-2009-straubing\/\">Menschen und Landschaften | Bruno Mooser (1925-2009) | Straubing<\/a><\/li><li class=\"eo-event-past eo-multi-day\"><a href=\"https:\/\/kunstgalerie.schwarzenbach-saale.de\/wordpress\/events\/event\/aufgebaut-keramische-gefaesse-und-objekte-angelika-kuehn-von-hintzenstern-kuehdorf-bei-greiz\/\">Aufgebaut \u2013 keramische Gef\u00e4\u00dfe und Objekte | Angelika K\u00fchn von Hintzenstern | K\u00fchdorf bei Greiz<\/a><\/li><li class=\"eo-event-past eo-multi-day\"><a href=\"https:\/\/kunstgalerie.schwarzenbach-saale.de\/wordpress\/events\/event\/begegnungen-holzschnitte-von-konrad-schmid-hartkirchen\/\">Begegnungen | Holzschnitte von Konrad Schmid | Hartkirchen<\/a><\/li><li class=\"eo-event-past eo-multi-day\"><a href=\"https:\/\/kunstgalerie.schwarzenbach-saale.de\/wordpress\/events\/event\/immerwiederzauber-sabine-eichler-dresden\/\">Immerwiederzauber | Sabine Eichler | Dresden<\/a><\/li><li class=\"eo-event-past eo-multi-day\"><a href=\"https:\/\/kunstgalerie.schwarzenbach-saale.de\/wordpress\/events\/event\/visuelle-poesie-eugen-gommringer-rehau\/\">Visuelle Poesie | Eugen Gommringer | Rehau<\/a><\/li><li class=\"eo-event-past eo-multi-day\"><a href=\"https:\/\/kunstgalerie.schwarzenbach-saale.de\/wordpress\/events\/event\/naturfranken-leidenschaft-fuer-vielfalt-fotografien-von-stephan-amm-kronach\/\">Naturfranken \u2013 Leidenschaft f\u00fcr Vielfalt | Fotografien von Stephan Amm | Kronach<\/a><\/li><li class=\"eo-event-past eo-multi-day\"><a href=\"https:\/\/kunstgalerie.schwarzenbach-saale.de\/wordpress\/events\/event\/einheit-50-x-70-gemeinschaftsausstellung-des-arbeitskreises-bildende-kunst-des-kulturvereins-schwarzenbach-an-der-saale\/\">&#8222;EINHEIT 50 x 70&#8220; &#8211; Gemeinschaftsausstellung des Arbeitskreises Bildende Kunst des Kulturvereins Schwarzenbach an der Saale<\/a><\/li><li class=\"eo-event-past eo-multi-day\"><a href=\"https:\/\/kunstgalerie.schwarzenbach-saale.de\/wordpress\/events\/event\/aus-dem-leben-gegriffen-zeichnungen-und-malereien-von-robert-steidl-marktleuthen\/\">Aus dem Leben gegriffen &#8211; Zeichnungen und Malereien von Robert Steidl, Marktleuthen<\/a><\/li><li class=\"eo-event-past eo-multi-day\"><a href=\"https:\/\/kunstgalerie.schwarzenbach-saale.de\/wordpress\/events\/event\/wirkliches-getraeumtes-radierungen-von-stephan-klenner-otto-neudrossenfeld\/\">Wirkliches &#8211; Getr\u00e4umtes \/ Radierungen von Stephan Klenner-Otto, Neudrossenfeld<\/a><\/li><li class=\"eo-event-past eo-multi-day\"><a href=\"https:\/\/kunstgalerie.schwarzenbach-saale.de\/wordpress\/events\/event\/aus-der-werkstatt-arbeiten-von-jens-stuebinger-rehau\/\">&#8230; aus der Werkstatt &#8211; Arbeiten von Jens St\u00fcbinger, Rehau<\/a><\/li><li class=\"eo-event-past eo-multi-day\"><a href=\"https:\/\/kunstgalerie.schwarzenbach-saale.de\/wordpress\/events\/event\/heiter-bis-wolkig-arbeiten-von-christoph-herrmann-schwarzenbach-an-der-saale\/\">&#8222;heiter bis wolkig&#8220; &#8211; Arbeiten von Christoph Herrmann, Schwarzenbach an der Saale<\/a><\/li><li class=\"eo-event-venue-kunstgalerie-altes-rathaus eo-event-past eo-multi-day\"><a href=\"https:\/\/kunstgalerie.schwarzenbach-saale.de\/wordpress\/events\/event\/landmarken-bilder-von-jan-gemeinhardt-hof\/\">&#8222;Landmarken&#8220; &#8211; Bilder von Jan Gemeinhardt, Hof<\/a><\/li><li class=\"eo-event-venue-kunstgalerie-altes-rathaus eo-event-past eo-multi-day\"><a href=\"https:\/\/kunstgalerie.schwarzenbach-saale.de\/wordpress\/events\/event\/lichtblicke\/\">Lichtblicke<\/a><\/li><li class=\"eo-event-past\"><a href=\"https:\/\/kunstgalerie.schwarzenbach-saale.de\/wordpress\/events\/event\/heiter-bis-wolkig\/\">&#8222;heiter bis wolkig&#8220;<\/a><\/li><li class=\"eo-event-venue-galerie-alters-rathaus eo-event-past eo-multi-day\"><a href=\"https:\/\/kunstgalerie.schwarzenbach-saale.de\/wordpress\/events\/event\/weltanschauung\/\">Weltanschauung<\/a><\/li><li class=\"eo-event-venue-galerie-alters-rathaus eo-event-past eo-multi-day\"><a href=\"https:\/\/kunstgalerie.schwarzenbach-saale.de\/wordpress\/events\/event\/daheim-und-unterwegs-alfred-kutzscher-und-herbert-schildbach-zwei-schwarzenbacher-und-ihre-malerei\/\">Daheim und unterwegs &#8230; Alfred Kutzscher und Herbert Schildbach &#8211; zwei Schwarzenbacher und ihre Malerei<\/a><\/li><li class=\"eo-event-venue-galerie-alters-rathaus eo-event-past eo-multi-day\"><a href=\"https:\/\/kunstgalerie.schwarzenbach-saale.de\/wordpress\/events\/event\/farbholzschnitte-auf-leinwand\/\">&#8222;Farbholzschnitte auf Leinwand&#8220;<\/a><\/li><li class=\"eo-event-venue-galerie-alters-rathaus eo-event-past eo-multi-day\"><a href=\"https:\/\/kunstgalerie.schwarzenbach-saale.de\/wordpress\/events\/event\/vertraute-landschaft\/\">&#8222;Vertraute Landschaft&#8220;<\/a><\/li><li class=\"eo-event-venue-galerie-alters-rathaus eo-event-past eo-multi-day\"><a href=\"https:\/\/kunstgalerie.schwarzenbach-saale.de\/wordpress\/events\/event\/filz-und-fisch-haut-nah\/\">Filz und Fisch: Haut.Nah<\/a><\/li><li class=\"eo-event-venue-galerie-alters-rathaus eo-event-past eo-multi-day\"><a href=\"https:\/\/kunstgalerie.schwarzenbach-saale.de\/wordpress\/events\/event\/sprichwoertlich-gemeinschaftsausstellung-des-arbeitskreises-bildende-kunst-des-kulturvereines-schwarzenbach-a-d-saale-e-v\/\">sprichw\u00f6rtlich &#8230; Gemeinschaftsausstellung des Arbeitskreises Bildende Kunst des Kulturvereines Schwarzenbach a.d. Saale e.V.<\/a><\/li><li class=\"eo-event-venue-galerie-alters-rathaus eo-event-past eo-multi-day\"><a href=\"https:\/\/kunstgalerie.schwarzenbach-saale.de\/wordpress\/events\/event\/backdrop-intro-arbeiten-von-sophie-innmann-karlsruhe\/\">backdrop intro &#8211; Arbeiten von Sophie Innmann<\/a><\/li><li class=\"eo-event-venue-galerie-alters-rathaus eo-event-past eo-multi-day\"><a href=\"https:\/\/kunstgalerie.schwarzenbach-saale.de\/wordpress\/events\/event\/alfred-richter-ein-rueckblick-zum-90-arbeiten-von-alfred-richter-wunsiedel-und-schwarzenbach-a-d-saale\/\">Alfred Richter &#8211; ein R\u00fcckblick zum 90. &#8211; Arbeiten von Alfred Richter, Wunsiedel \/ Schwarzenbach a.d. Saale und dem Atelier Scherdel, Oberkotzau<\/a><\/li><li class=\"eo-event-past eo-multi-day\"><a href=\"https:\/\/kunstgalerie.schwarzenbach-saale.de\/wordpress\/events\/event\/neues-anderes-arbeiten-von-max-dietz-hof\/\">NEUES &#038; ANDERES &#8211; Arbeiten von Max Dietz<\/a><\/li><li class=\"eo-event-venue-galerie-alters-rathaus eo-event-past eo-multi-day\"><a href=\"https:\/\/kunstgalerie.schwarzenbach-saale.de\/wordpress\/events\/event\/merkwuerdig-unterwegs-fotografik-von-harry-kurz\/\">merkw\u00fcrdig unterwegs &#8211; Fotografik von Harry Kurz<\/a><\/li><li class=\"eo-event-venue-galerie-alters-rathaus eo-event-past eo-multi-day\"><a href=\"https:\/\/kunstgalerie.schwarzenbach-saale.de\/wordpress\/events\/event\/reflexionen-bilder-von-regina-baumann-koschate\/\">Reflexionen &#8211; Bilder von Regina Baumann-Koschate<\/a><\/li><li class=\"eo-event-past eo-multi-day\"><a href=\"https:\/\/kunstgalerie.schwarzenbach-saale.de\/wordpress\/events\/event\/mahlzeit-gemeinschaftsausstellung-des-arbeitskreises-bildende-kunst-im-kulturverein-schwarzenbach-a-d-saale\/\">&#8222;Ma(h)lzeit&#8220; &#8211; Gemeinschaftsausstellung des Arbeitskreises Bildende Kunst im Kulturverein Schwarzenbach a.d. Saale<\/a><\/li><li class=\"eo-event-past eo-multi-day\"><a href=\"https:\/\/kunstgalerie.schwarzenbach-saale.de\/wordpress\/events\/event\/helga-zahn-schmuck-vom-unikat-zur-serie\/\">Helga Zahn. Schmuck. Unikat und Serie.<\/a><\/li><li class=\"eo-event-past eo-multi-day\"><a href=\"https:\/\/kunstgalerie.schwarzenbach-saale.de\/wordpress\/events\/event\/bilder-aus-drei-jahrzehnten-malerei-von-frank-thomas-gerdes-greiz\/\">Bilder aus drei Jahrzehnten &#8211; Malerei von Frank Thomas Gerdes, Greiz<\/a><\/li><li class=\"eo-event-past eo-multi-day\"><a href=\"https:\/\/kunstgalerie.schwarzenbach-saale.de\/wordpress\/events\/event\/retro-senger-ausstellung-zum-90-geburtstag\/\">&#8222;retro.Senger &#8211; Ausstellung zum 90. Geburtstag<\/a><\/li><li class=\"eo-event-past eo-multi-day\"><a href=\"https:\/\/kunstgalerie.schwarzenbach-saale.de\/wordpress\/events\/event\/ausstellung-schwingungen-mit-arbeiten-von-thomas-ranft-amtsberg\/\">Ausstellung &#8222;Schwingungen&#8220; mit Arbeiten von Thomas Ranft, Amtsberg<\/a><\/li><li class=\"eo-event-past eo-multi-day\"><a href=\"https:\/\/kunstgalerie.schwarzenbach-saale.de\/wordpress\/events\/event\/ausstellung-veronika-mit-arbeiten-von-andreas-otto-arnsberg\/\">Ausstellung &#8222;Veronika&#8220; mit Arbeiten von Andreas Otto, Arnsberg<\/a><\/li><li class=\"eo-event-venue-galerie-alters-rathaus eo-event-past eo-multi-day\"><a href=\"https:\/\/kunstgalerie.schwarzenbach-saale.de\/wordpress\/events\/event\/persona\/\">persona<\/a><\/li><li class=\"eo-event-venue-galerie-alters-rathaus eo-event-past eo-multi-day\"><a href=\"https:\/\/kunstgalerie.schwarzenbach-saale.de\/wordpress\/events\/event\/menschen\/\">Gemeinschaftsausstellung &#8222;Menschen&#8220;<\/a><\/li><li class=\"eo-event-venue-galerie-alters-rathaus eo-event-past eo-multi-day\"><a href=\"https:\/\/kunstgalerie.schwarzenbach-saale.de\/wordpress\/events\/event\/alles-ist-gut\/\">&#8222;Alles ist gut&#8220;  &#8211; Werke von Bernd R\u00f6ssler, Schwarzenbach a.d. Saale<\/a><\/li><li class=\"eo-event-venue-galerie-alters-rathaus eo-event-cat-allgemein eo-event-past eo-multi-day\"><a href=\"https:\/\/kunstgalerie.schwarzenbach-saale.de\/wordpress\/events\/event\/aufsicht-durchsicht-umsicht\/\">\u201eAufsicht \u00b7 Durchsicht \u00b7 Umsicht\u201c &#8211; Werke von Detlev Bertram, Hranice<\/a><\/li><li class=\"eo-event-venue-galerie-alters-rathaus eo-event-past eo-multi-day\"><a href=\"https:\/\/kunstgalerie.schwarzenbach-saale.de\/wordpress\/events\/event\/schwarzenbacher-mischung\/\">&#8222;Schwarzenbacher Mischung&#8220; &#8211; Arbeiten von Sven Schmidt, Gera<\/a><\/li><li class=\"eo-event-venue-galerie-alters-rathaus eo-event-cat-allgemein eo-event-past eo-multi-day\"><a href=\"https:\/\/kunstgalerie.schwarzenbach-saale.de\/wordpress\/events\/event\/kontraste-arbeiten-von-silke-hamberger\/\">&#8220;Kontraste&#8220; &#8211; Arbeiten von Silke Hamberger, Hof<\/a><\/li><li class=\"eo-event-venue-galerie-alters-rathaus eo-event-cat-allgemein eo-event-past eo-multi-day\"><a href=\"https:\/\/kunstgalerie.schwarzenbach-saale.de\/wordpress\/events\/event\/gemalte-plastik-und-bildhauerei-von-wolfgang-stefan\/\">Gemalte Plastik und Bildhauerei &#8211; Arbeiten von Wolfgang Stefan, Selb<\/a><\/li><li class=\"eo-event-venue-galerie-alters-rathaus eo-event-cat-allgemein eo-event-past eo-multi-day\"><a href=\"https:\/\/kunstgalerie.schwarzenbach-saale.de\/wordpress\/events\/event\/die-farbe-blau-gesehen-von-schwarzenbacher-kuenstlern\/\">&#8222;Die Farbe Blau&#8220; &#8211; Werke von Mitgliedern des Arbeitskreises Bildende Kunst<\/a><\/li><li class=\"eo-event-venue-galerie-alters-rathaus eo-event-cat-allgemein eo-event-past eo-multi-day\"><a href=\"https:\/\/kunstgalerie.schwarzenbach-saale.de\/wordpress\/events\/event\/hochzeit-arbeiten-von-luzia-werner-halle-hochzeit-arbeiten-von-luzia-werner-halle-wir-laden-sie-und-ihre-freunde-fuer-freitag-den-19-september-2014-um-18-uhr-zur-ausstellungseroeffn\/\">&#8222;Hochzeit&#8220; &#8211; Arbeiten von Luzia Werner, Halle<\/a><\/li><li class=\"eo-event-venue-galerie-alters-rathaus eo-event-cat-allgemein eo-event-past eo-multi-day\"><a href=\"https:\/\/kunstgalerie.schwarzenbach-saale.de\/wordpress\/events\/event\/anlaesslich-seines-100-geburtstages-karl-bedal-1914-1999\/\">Ausstellungen zum 100. Geburtstag Karl Bedals<\/a><\/li><li class=\"eo-event-venue-galerie-alters-rathaus eo-event-past eo-multi-day\"><a href=\"https:\/\/kunstgalerie.schwarzenbach-saale.de\/wordpress\/events\/event\/zwischen-tag-und-nacht-malerei-und-objekte-von-monika-pellkofer-griesshammer\/\">&#8222;Zwischen Tag und Nacht&#8220; &#8211; Malerei und Objekte von Monika Pellkofer-Grie\u00dfhammer<\/a><\/li><li class=\"eo-event-venue-galerie-alters-rathaus eo-event-past eo-multi-day\"><a href=\"https:\/\/kunstgalerie.schwarzenbach-saale.de\/wordpress\/events\/event\/toleranz-in-comics-und-graphic-novels\/\">Toleranz in Comics und Graphic Novels<\/a><\/li><li class=\"eo-event-venue-galerie-alters-rathaus eo-event-past eo-multi-day\"><a href=\"https:\/\/kunstgalerie.schwarzenbach-saale.de\/wordpress\/events\/event\/finissage-der-ausstellung-frauenportraets-von-marion-lucka-thierstein\/\">&#8222;Frauenportr\u00e4ts&#8220;  &#8211; Werke von Marion Lucka, Thierstein<\/a><\/li><li class=\"eo-event-venue-galerie-alters-rathaus eo-event-cat-allgemein eo-event-past eo-multi-day\"><a href=\"https:\/\/kunstgalerie.schwarzenbach-saale.de\/wordpress\/events\/event\/zurueck-zu-den-wurzeln-zeigen-wir-serigraphien-von-gerhard-eberle\/\">\u201eZur\u00fcck zu den Wurzeln\u201c &#8211; Serigraphien von Gerhard Eberle<\/a><\/li><li class=\"eo-event-venue-galerie-alters-rathaus eo-event-past eo-multi-day\"><a href=\"https:\/\/kunstgalerie.schwarzenbach-saale.de\/wordpress\/events\/event\/fantasia-schwarzenbacher-kuenstler-zeigen-aktuelle-arbeiten\/\">Fantasia \u2013 Schwarzenbacher K\u00fcnstler zeigen aktuelle Arbeiten<\/a><\/li><li class=\"eo-event-venue-galerie-alters-rathaus eo-event-past eo-multi-day\"><a href=\"https:\/\/kunstgalerie.schwarzenbach-saale.de\/wordpress\/events\/event\/noerdliches-fichtelgebirge-eine-region-im-umbruch\/\">N\u00f6rdliches Fichtelgebirge &#8211; eine Region Im Umbruch<\/a><\/li><\/ul>\n","protected":false},"excerpt":{"rendered":"","protected":false},"author":2,"featured_media":0,"parent":0,"menu_order":0,"comment_status":"closed","ping_status":"closed","template":"","meta":{"footnotes":""},"class_list":["post-35","page","type-page","status-publish","hentry"],"_links":{"self":[{"href":"https:\/\/kunstgalerie.schwarzenbach-saale.de\/wordpress\/wp-json\/wp\/v2\/pages\/35","targetHints":{"allow":["GET"]}}],"collection":[{"href":"https:\/\/kunstgalerie.schwarzenbach-saale.de\/wordpress\/wp-json\/wp\/v2\/pages"}],"about":[{"href":"https:\/\/kunstgalerie.schwarzenbach-saale.de\/wordpress\/wp-json\/wp\/v2\/types\/page"}],"author":[{"embeddable":true,"href":"https:\/\/kunstgalerie.schwarzenbach-saale.de\/wordpress\/wp-json\/wp\/v2\/users\/2"}],"replies":[{"embeddable":true,"href":"https:\/\/kunstgalerie.schwarzenbach-saale.de\/wordpress\/wp-json\/wp\/v2\/comments?post=35"}],"version-history":[{"count":20,"href":"https:\/\/kunstgalerie.schwarzenbach-saale.de\/wordpress\/wp-json\/wp\/v2\/pages\/35\/revisions"}],"predecessor-version":[{"id":951,"href":"https:\/\/kunstgalerie.schwarzenbach-saale.de\/wordpress\/wp-json\/wp\/v2\/pages\/35\/revisions\/951"}],"wp:attachment":[{"href":"https:\/\/kunstgalerie.schwarzenbach-saale.de\/wordpress\/wp-json\/wp\/v2\/media?parent=35"}],"curies":[{"name":"wp","href":"https:\/\/api.w.org\/{rel}","templated":true}]}}