{"id":2,"date":"2014-05-09T04:35:09","date_gmt":"2014-05-09T04:35:09","guid":{"rendered":"http:\/\/kunst.schwarzenbach-saale.de\/wordpress\/?page_id=2"},"modified":"2023-12-11T09:40:55","modified_gmt":"2023-12-11T08:40:55","slug":"impressum","status":"publish","type":"page","link":"https:\/\/kunstgalerie.schwarzenbach-saale.de\/wordpress\/impressum\/","title":{"rendered":"Impressum"},"content":{"rendered":"<p><b>Stadt Schwarzenbach a.d.Saale<br \/>\nLudwigstr. 4<br \/>\n95126 Schwarzenbach a.d.Saale<\/b><\/p>\n<div align=\"left\"><strong>Verantwortlich gem\u00e4ss \u00a710\/3 MDStV<\/strong><br \/>\nGalerieleitung: Frau Swanti Br\u00e4secke-Bartsch<\/div>\n<div align=\"left\">Stadt Schwarzenbach a.d.Saale<\/div>\n<div align=\"left\">Ludwigstra\u00dfe 4<br \/>\n95126 Schwarzenbach a.d.Saale<\/div>\n<div align=\"left\"><\/div>\n<div align=\"left\">Tel:\u00a0<span style=\"color: black;\">0 92 84 \/ 9 33 &#8211; 57\u00a0 \u00a0oder\u00a0 \u00a0-721<\/span><br \/>\n<span style=\"color: black;\"><a style=\"color: #000064;\" href=\"mailto:galerie@schwarzenbach-saale.de\">galerie@schwarzenbach-saale.de<\/a><\/span><\/div>\n<p><strong>Alle Angaben sind ohne Gew\u00e4hr auf sachliche oder inhaltliche Richtigkeit\u00a0<\/strong><\/p>\n<p>&nbsp;<\/p>\n<div align=\"left\"><\/div>\n<div align=\"left\"><strong>Nutzungsbedingungen\u00a0<\/strong><\/div>\n<p><span style=\"text-decoration: underline;\">Datenspeicherung<br \/>\n<\/span>Gem\u00e4\u00df \u00a728 des Bundesdatenschutzgesetzes (BDSG) machen wir Sie darauf aufmerksam, dass die im Rahmen der Gesch\u00e4ftsabwicklung notwendigen Daten mittels einer EDV-Anlage gem\u00e4\u00df \u00a733 BDSG verarbeitet und gespeichert werden. Pers\u00f6nliche Daten werden selbstverst\u00e4ndlich vertraulich behandelt.<\/p>\n<p><span style=\"text-decoration: underline;\">Copyright<\/span><br \/>\nDie Inhalte der Webseite\u00a0<a style=\"color: #000064;\" href=\"http:\/\/kunstgalerie.schwarzenbach-saale.de\/\">http:\/\/kunstgalerie.schwarzenbach-saale.de\/<\/a> unterstehen dem Urheberrecht. Alle Rechte sind vorbehalten. Reproduktion,\u00a0 Transfer und Distribution eines Teils oder des gesamten Inhalts in irgendeiner Form einschlie\u00dflich Speicherung und Nutzung auf optischen und elektronischen Datentr\u00e4gern nur in vertraglich vereinbartem Rahmen oder mit unserer schriftlichen Genehmigung. Es wird jedoch das Recht erteilt, f\u00fcr den rein pers\u00f6nlichen Gebrauch Ausz\u00fcge dieser Seiten auf elektronischen Datentr\u00e4gern zu speichern und Kopien auszudrucken.<\/p>\n<p>\u00a9 2023 . Alle Rechte vorbehalten.<\/p>\n<p><span style=\"text-decoration: underline;\">Haftungsausschluss und Disclaimer<br \/>\n<\/span>Wir \u00fcbernehmen &#8211; weder ausdr\u00fccklich noch stillschweigend &#8211; irgendeine Gew\u00e4hrleistung f\u00fcr die Richtigkeit oder Vollst\u00e4ndigkeit des Inhalts dieser Internet-Seiten, es sei denn, anwendbare Gesetze oder Rechtsprechung schreiben zwingend eine Haftung vor. Wir \u00fcbernehmen des weiteren keine Verantwortung oder Haftung f\u00fcr von Dritten erstellte oder ver\u00f6ffentlichte Informationen, auf die mittels Hyperlinks oder anderer Verbindungen auf oder \u00fcber die Website <a style=\"color: #000064;\" href=\"http:\/\/kunstgalerie.schwarzenbach-saale.de\/\">http:\/\/kunstgalerie.schwarzenbach-saale.de<\/a>\u00a0zugegriffen werden kann.<\/p>\n","protected":false},"excerpt":{"rendered":"<p>Stadt Schwarzenbach a.d.Saale Ludwigstr. 4 95126 Schwarzenbach a.d.Saale Verantwortlich gem\u00e4ss \u00a710\/3 MDStV Galerieleitung: Frau Swanti Br\u00e4secke-Bartsch Stadt Schwarzenbach a.d.Saale Ludwigstra\u00dfe 4 95126 Schwarzenbach a.d.Saale Tel:\u00a00 92 84 \/ 9 33 &#8211; 57\u00a0 \u00a0oder\u00a0 \u00a0-721 galerie@schwarzenbach-saale.de Alle Angaben sind ohne Gew\u00e4hr auf sachliche oder inhaltliche Richtigkeit\u00a0 &nbsp; Nutzungsbedingungen\u00a0 Datenspeicherung Gem\u00e4\u00df \u00a728 des Bundesdatenschutzgesetzes (BDSG) machen wir [&hellip;]<\/p>\n","protected":false},"author":1,"featured_media":0,"parent":0,"menu_order":0,"comment_status":"closed","ping_status":"closed","template":"","meta":{"footnotes":""},"class_list":["post-2","page","type-page","status-publish","hentry"],"_links":{"self":[{"href":"https:\/\/kunstgalerie.schwarzenbach-saale.de\/wordpress\/wp-json\/wp\/v2\/pages\/2","targetHints":{"allow":["GET"]}}],"collection":[{"href":"https:\/\/kunstgalerie.schwarzenbach-saale.de\/wordpress\/wp-json\/wp\/v2\/pages"}],"about":[{"href":"https:\/\/kunstgalerie.schwarzenbach-saale.de\/wordpress\/wp-json\/wp\/v2\/types\/page"}],"author":[{"embeddable":true,"href":"https:\/\/kunstgalerie.schwarzenbach-saale.de\/wordpress\/wp-json\/wp\/v2\/users\/1"}],"replies":[{"embeddable":true,"href":"https:\/\/kunstgalerie.schwarzenbach-saale.de\/wordpress\/wp-json\/wp\/v2\/comments?post=2"}],"version-history":[{"count":5,"href":"https:\/\/kunstgalerie.schwarzenbach-saale.de\/wordpress\/wp-json\/wp\/v2\/pages\/2\/revisions"}],"predecessor-version":[{"id":1024,"href":"https:\/\/kunstgalerie.schwarzenbach-saale.de\/wordpress\/wp-json\/wp\/v2\/pages\/2\/revisions\/1024"}],"wp:attachment":[{"href":"https:\/\/kunstgalerie.schwarzenbach-saale.de\/wordpress\/wp-json\/wp\/v2\/media?parent=2"}],"curies":[{"name":"wp","href":"https:\/\/api.w.org\/{rel}","templated":true}]}}